{"id":11,"date":"2020-11-16T18:23:04","date_gmt":"2020-11-16T18:23:04","guid":{"rendered":"http:\/\/minidemo.wpengine.com\/?page_id=11"},"modified":"2024-06-12T16:52:40","modified_gmt":"2024-06-12T16:52:40","slug":"blog","status":"publish","type":"page","link":"https:\/\/southbrowardresearch.com\/es\/blog\/","title":{"rendered":"Blog"},"content":{"rendered":"<div data-elementor-type=\"wp-page\" data-elementor-id=\"11\" class=\"elementor elementor-11\" data-elementor-post-type=\"page\">\n\t\t\t\t\t\t<section class=\"elementor-section elementor-top-section elementor-element elementor-element-b6c51d0 elementor-section-height-min-height elementor-section-stretched elementor-section-boxed elementor-section-height-default elementor-section-items-middle\" data-id=\"b6c51d0\" data-element_type=\"section\" data-e-type=\"section\" data-settings=\"{&quot;stretch_section&quot;:&quot;section-stretched&quot;,&quot;background_background&quot;:&quot;classic&quot;}\">\n\t\t\t\t\t\t\t<div class=\"elementor-background-overlay\"><\/div>\n\t\t\t\t\t\t\t<div class=\"elementor-container elementor-column-gap-default\">\n\t\t\t\t\t<div class=\"elementor-column elementor-col-100 elementor-top-column elementor-element elementor-element-c3a3483\" data-id=\"c3a3483\" data-element_type=\"column\" data-e-type=\"column\">\n\t\t\t<div class=\"elementor-widget-wrap elementor-element-populated\">\n\t\t\t\t\t\t<div class=\"elementor-element elementor-element-71054d9 elementor-widget elementor-widget-heading\" data-id=\"71054d9\" data-element_type=\"widget\" data-e-type=\"widget\" data-widget_type=\"heading.default\">\n\t\t\t\t<div class=\"elementor-widget-container\">\n\t\t\t\t\t<h1 class=\"elementor-heading-title elementor-size-default\">BLOG<\/h1>\t\t\t\t<\/div>\n\t\t\t\t<\/div>\n\t\t\t\t\t<\/div>\n\t\t<\/div>\n\t\t\t\t\t<\/div>\n\t\t<\/section>\n\t\t\t\t<section class=\"elementor-section elementor-top-section elementor-element elementor-element-6475767 elementor-section-boxed elementor-section-height-default elementor-section-height-default\" data-id=\"6475767\" data-element_type=\"section\" data-e-type=\"section\">\n\t\t\t\t\t\t<div class=\"elementor-container elementor-column-gap-default\">\n\t\t\t\t\t<div class=\"elementor-column elementor-col-100 elementor-top-column elementor-element elementor-element-d35f084\" data-id=\"d35f084\" data-element_type=\"column\" data-e-type=\"column\">\n\t\t\t<div class=\"elementor-widget-wrap elementor-element-populated\">\n\t\t\t\t\t\t<div class=\"elementor-element elementor-element-1bfc769 elementor-grid-3 elementor-grid-tablet-2 elementor-grid-mobile-1 elementor-posts--thumbnail-top elementor-card-shadow-yes elementor-posts__hover-gradient elementor-widget elementor-widget-posts\" data-id=\"1bfc769\" data-element_type=\"widget\" data-e-type=\"widget\" data-settings=\"{&quot;cards_columns&quot;:&quot;3&quot;,&quot;cards_columns_tablet&quot;:&quot;2&quot;,&quot;cards_columns_mobile&quot;:&quot;1&quot;,&quot;cards_row_gap&quot;:{&quot;unit&quot;:&quot;px&quot;,&quot;size&quot;:35,&quot;sizes&quot;:[]},&quot;cards_row_gap_tablet&quot;:{&quot;unit&quot;:&quot;px&quot;,&quot;size&quot;:&quot;&quot;,&quot;sizes&quot;:[]},&quot;cards_row_gap_mobile&quot;:{&quot;unit&quot;:&quot;px&quot;,&quot;size&quot;:&quot;&quot;,&quot;sizes&quot;:[]}}\" data-widget_type=\"posts.cards\">\n\t\t\t\t<div class=\"elementor-widget-container\">\n\t\t\t\t\t\t\t<div class=\"elementor-posts-container elementor-posts elementor-posts--skin-cards elementor-grid\" role=\"list\">\n\t\t\t\t<article class=\"elementor-post elementor-grid-item post-588 post type-post status-publish format-standard has-post-thumbnail hentry category-uncategorized masonry-post generate-columns tablet-grid-50 mobile-grid-100 grid-parent grid-50\" role=\"listitem\">\n\t\t\t<div class=\"elementor-post__card\">\n\t\t\t\t<a class=\"elementor-post__thumbnail__link\" href=\"https:\/\/southbrowardresearch.com\/es\/the-connection-between-obesity-and-diabetes-how-weight-loss-and-glp-1s-are-shaping-the-future-of-diabetes-care\/\" tabindex=\"-1\" ><div class=\"elementor-post__thumbnail\"><img decoding=\"async\" width=\"300\" height=\"158\" src=\"https:\/\/southbrowardresearch.com\/wp-content\/uploads\/2024\/06\/SBR_Facebook_Blog-TheObesityandDiabetesConnection_29MAY2024_PM-300x158.webp\" class=\"attachment-medium size-medium wp-image-589\" alt=\"The Obesity and Diabetes Connection: How Weight Loss and GLP-1s are Shaping the Future of Diabetes Care\" srcset=\"https:\/\/southbrowardresearch.com\/wp-content\/uploads\/2024\/06\/SBR_Facebook_Blog-TheObesityandDiabetesConnection_29MAY2024_PM-300x158.webp 300w, https:\/\/southbrowardresearch.com\/wp-content\/uploads\/2024\/06\/SBR_Facebook_Blog-TheObesityandDiabetesConnection_29MAY2024_PM-1024x538.webp 1024w, https:\/\/southbrowardresearch.com\/wp-content\/uploads\/2024\/06\/SBR_Facebook_Blog-TheObesityandDiabetesConnection_29MAY2024_PM-768x403.webp 768w, https:\/\/southbrowardresearch.com\/wp-content\/uploads\/2024\/06\/SBR_Facebook_Blog-TheObesityandDiabetesConnection_29MAY2024_PM-18x9.webp 18w, https:\/\/southbrowardresearch.com\/wp-content\/uploads\/2024\/06\/SBR_Facebook_Blog-TheObesityandDiabetesConnection_29MAY2024_PM.webp 1200w\" sizes=\"(max-width: 300px) 100vw, 300px\" \/><\/div><\/a>\n\t\t\t\t<div class=\"elementor-post__text\">\n\t\t\t\t<h3 class=\"elementor-post__title\">\n\t\t\t<a href=\"https:\/\/southbrowardresearch.com\/es\/the-connection-between-obesity-and-diabetes-how-weight-loss-and-glp-1s-are-shaping-the-future-of-diabetes-care\/\" >\n\t\t\t\tLa conexi\u00f3n entre la obesidad y la diabetes: c\u00f3mo la p\u00e9rdida de peso y los GLP-1 est\u00e1n dando forma al futuro de la atenci\u00f3n de la diabetes\t\t\t<\/a>\n\t\t<\/h3>\n\t\t\t\t<div class=\"elementor-post__excerpt\">\n\t\t\t<p>La obesidad y la diabetes tipo 2 est\u00e1n estrechamente relacionadas. En pocas palabras, el sobrepeso hace que sea mucho m\u00e1s probable desarrollar diabetes. \u00bfPero por qu\u00e9 es as\u00ed? Cuando tengas<\/p>\n\t\t<\/div>\n\t\t\n\t\t<a class=\"elementor-post__read-more\" href=\"https:\/\/southbrowardresearch.com\/es\/the-connection-between-obesity-and-diabetes-how-weight-loss-and-glp-1s-are-shaping-the-future-of-diabetes-care\/\" aria-label=\"Lea m\u00e1s sobre la conexi\u00f3n entre la obesidad y la diabetes: c\u00f3mo la p\u00e9rdida de peso y los GLP-1 est\u00e1n dando forma al futuro del cuidado de la diabetes\" tabindex=\"-1\" >\n\t\t\tLeer m\u00e1s &quot;\t\t<\/a>\n\n\t\t\t\t<\/div>\n\t\t\t\t<div class=\"elementor-post__meta-data\">\n\t\t\t\t\t<span class=\"elementor-post-date\">\n\t\t\tjunio 4, 2024\t\t<\/span>\n\t\t\t\t<\/div>\n\t\t\t\t\t<\/div>\n\t\t<\/article>\n\t\t\t\t<article class=\"elementor-post elementor-grid-item post-551 post type-post status-publish format-standard has-post-thumbnail hentry category-clinical-research category-clinical-trials category-uncategorized category-wellness tag-mental-health tag-stress-management tag-wellbeing masonry-post generate-columns tablet-grid-50 mobile-grid-100 grid-parent grid-50\" role=\"listitem\">\n\t\t\t<div class=\"elementor-post__card\">\n\t\t\t\t<a class=\"elementor-post__thumbnail__link\" href=\"https:\/\/southbrowardresearch.com\/es\/experience-well-being-now-and-in-the-future\/\" tabindex=\"-1\" ><div class=\"elementor-post__thumbnail\"><img decoding=\"async\" width=\"300\" height=\"158\" src=\"https:\/\/southbrowardresearch.com\/wp-content\/uploads\/2023\/09\/SBR_Facebook_WellBeing-Now-Future_15SEP2020_JS-copy-300x158.webp\" class=\"attachment-medium size-medium wp-image-566\" alt=\"\" srcset=\"https:\/\/southbrowardresearch.com\/wp-content\/uploads\/2023\/09\/SBR_Facebook_WellBeing-Now-Future_15SEP2020_JS-copy-300x158.webp 300w, https:\/\/southbrowardresearch.com\/wp-content\/uploads\/2023\/09\/SBR_Facebook_WellBeing-Now-Future_15SEP2020_JS-copy-1024x538.webp 1024w, https:\/\/southbrowardresearch.com\/wp-content\/uploads\/2023\/09\/SBR_Facebook_WellBeing-Now-Future_15SEP2020_JS-copy-768x403.webp 768w, https:\/\/southbrowardresearch.com\/wp-content\/uploads\/2023\/09\/SBR_Facebook_WellBeing-Now-Future_15SEP2020_JS-copy.webp 1200w\" sizes=\"(max-width: 300px) 100vw, 300px\" \/><\/div><\/a>\n\t\t\t\t<div class=\"elementor-post__text\">\n\t\t\t\t<h3 class=\"elementor-post__title\">\n\t\t\t<a href=\"https:\/\/southbrowardresearch.com\/es\/experience-well-being-now-and-in-the-future\/\" >\n\t\t\t\tExperimente el bienestar; Ahora y en el futuro.\t\t\t<\/a>\n\t\t<\/h3>\n\t\t\t\t<div class=\"elementor-post__excerpt\">\n\t\t\t<p>La definici\u00f3n oficial de bienestar dice: &quot;el estado de ser feliz, saludable o pr\u00f3spero&quot;. Aunque muchos estar\u00edan de acuerdo con esto, el alcance del t\u00e9rmino bienestar significa cosas diferentes para cada uno.<\/p>\n\t\t<\/div>\n\t\t\n\t\t<a class=\"elementor-post__read-more\" href=\"https:\/\/southbrowardresearch.com\/es\/experience-well-being-now-and-in-the-future\/\" aria-label=\"Lea m\u00e1s sobre Experimente el Bienestar; Ahora y en el Futuro.\" tabindex=\"-1\" >\n\t\t\tLeer m\u00e1s &quot;\t\t<\/a>\n\n\t\t\t\t<\/div>\n\t\t\t\t<div class=\"elementor-post__meta-data\">\n\t\t\t\t\t<span class=\"elementor-post-date\">\n\t\t\tseptiembre 18, 2023\t\t<\/span>\n\t\t\t\t<\/div>\n\t\t\t\t\t<\/div>\n\t\t<\/article>\n\t\t\t\t<article class=\"elementor-post elementor-grid-item post-548 post type-post status-publish format-standard has-post-thumbnail hentry category-cardiovascular category-mens-health tag-heart-health tag-low-t tag-testosterone masonry-post generate-columns tablet-grid-50 mobile-grid-100 grid-parent grid-50\" role=\"listitem\">\n\t\t\t<div class=\"elementor-post__card\">\n\t\t\t\t<a class=\"elementor-post__thumbnail__link\" href=\"https:\/\/southbrowardresearch.com\/es\/low-testosterone-and-cardiovascular-risk\/\" tabindex=\"-1\" ><div class=\"elementor-post__thumbnail\"><img decoding=\"async\" width=\"300\" height=\"161\" src=\"https:\/\/southbrowardresearch.com\/wp-content\/uploads\/2023\/12\/Low-T-and-cardiovascular-risk-300x161.webp\" class=\"attachment-medium size-medium wp-image-549\" alt=\"\" srcset=\"https:\/\/southbrowardresearch.com\/wp-content\/uploads\/2023\/12\/Low-T-and-cardiovascular-risk-300x161.webp 300w, https:\/\/southbrowardresearch.com\/wp-content\/uploads\/2023\/12\/Low-T-and-cardiovascular-risk-1024x551.webp 1024w, https:\/\/southbrowardresearch.com\/wp-content\/uploads\/2023\/12\/Low-T-and-cardiovascular-risk-768x413.webp 768w, https:\/\/southbrowardresearch.com\/wp-content\/uploads\/2023\/12\/Low-T-and-cardiovascular-risk.webp 1208w\" sizes=\"(max-width: 300px) 100vw, 300px\" \/><\/div><\/a>\n\t\t\t\t<div class=\"elementor-post__text\">\n\t\t\t\t<h3 class=\"elementor-post__title\">\n\t\t\t<a href=\"https:\/\/southbrowardresearch.com\/es\/low-testosterone-and-cardiovascular-risk\/\" >\n\t\t\t\tBaja testosterona y riesgo cardiovascular\t\t\t<\/a>\n\t\t<\/h3>\n\t\t\t\t<div class=\"elementor-post__excerpt\">\n\t\t\t<p>El hipogonadismo en los hombres es una afecci\u00f3n en la que el cuerpo no produce suficiente cantidad de la hormona sexual masculina testosterona, esperma o ambos. La testosterona es la hormona que juega un papel crucial<\/p>\n\t\t<\/div>\n\t\t\n\t\t<a class=\"elementor-post__read-more\" href=\"https:\/\/southbrowardresearch.com\/es\/low-testosterone-and-cardiovascular-risk\/\" aria-label=\"Lea m\u00e1s sobre la testosterona baja y el riesgo cardiovascular\" tabindex=\"-1\" >\n\t\t\tLeer m\u00e1s &quot;\t\t<\/a>\n\n\t\t\t\t<\/div>\n\t\t\t\t<div class=\"elementor-post__meta-data\">\n\t\t\t\t\t<span class=\"elementor-post-date\">\n\t\t\tmarzo 5, 2019\t\t<\/span>\n\t\t\t\t<\/div>\n\t\t\t\t\t<\/div>\n\t\t<\/article>\n\t\t\t\t<article class=\"elementor-post elementor-grid-item post-536 post type-post status-publish format-standard has-post-thumbnail hentry category-clinical-research category-clinical-trials category-over-active-bladder-oab tag-clinical-studies tag-oab tag-overactive-bladder masonry-post generate-columns tablet-grid-50 mobile-grid-100 grid-parent grid-50\" role=\"listitem\">\n\t\t\t<div class=\"elementor-post__card\">\n\t\t\t\t<a class=\"elementor-post__thumbnail__link\" href=\"https:\/\/southbrowardresearch.com\/es\/traveling-with-oab-how-to-be-prepared-for-your-next-trip\/\" tabindex=\"-1\" ><div class=\"elementor-post__thumbnail\"><img loading=\"lazy\" decoding=\"async\" width=\"300\" height=\"161\" src=\"https:\/\/southbrowardresearch.com\/wp-content\/uploads\/2018\/04\/OAB-Blog-post-300x161.webp\" class=\"attachment-medium size-medium wp-image-541\" alt=\"\" srcset=\"https:\/\/southbrowardresearch.com\/wp-content\/uploads\/2018\/04\/OAB-Blog-post-300x161.webp 300w, https:\/\/southbrowardresearch.com\/wp-content\/uploads\/2018\/04\/OAB-Blog-post-1024x551.webp 1024w, https:\/\/southbrowardresearch.com\/wp-content\/uploads\/2018\/04\/OAB-Blog-post-768x413.webp 768w, https:\/\/southbrowardresearch.com\/wp-content\/uploads\/2018\/04\/OAB-Blog-post.webp 1208w\" sizes=\"(max-width: 300px) 100vw, 300px\" \/><\/div><\/a>\n\t\t\t\t<div class=\"elementor-post__text\">\n\t\t\t\t<h3 class=\"elementor-post__title\">\n\t\t\t<a href=\"https:\/\/southbrowardresearch.com\/es\/traveling-with-oab-how-to-be-prepared-for-your-next-trip\/\" >\n\t\t\t\tViajar con OAB; C\u00f3mo estar preparado para su pr\u00f3ximo viaje\t\t\t<\/a>\n\t\t<\/h3>\n\t\t\t\t<div class=\"elementor-post__excerpt\">\n\t\t\t<p>La vejiga hiperactiva (VH) es una afecci\u00f3n com\u00fan que afecta a m\u00e1s de 33 millones de estadounidenses. Si bien la OAB es m\u00e1s com\u00fan en mujeres, los hombres tambi\u00e9n pueden verse afectados. Contracciones repentinas e involuntarias de<\/p>\n\t\t<\/div>\n\t\t\n\t\t<a class=\"elementor-post__read-more\" href=\"https:\/\/southbrowardresearch.com\/es\/traveling-with-oab-how-to-be-prepared-for-your-next-trip\/\" aria-label=\"Lea m\u00e1s sobre Viajar con VAH; C\u00f3mo estar preparado para su pr\u00f3ximo viaje\" tabindex=\"-1\" >\n\t\t\tLeer m\u00e1s &quot;\t\t<\/a>\n\n\t\t\t\t<\/div>\n\t\t\t\t<div class=\"elementor-post__meta-data\">\n\t\t\t\t\t<span class=\"elementor-post-date\">\n\t\t\tabril 26, 2018\t\t<\/span>\n\t\t\t\t<\/div>\n\t\t\t\t\t<\/div>\n\t\t<\/article>\n\t\t\t\t<article class=\"elementor-post elementor-grid-item post-533 post type-post status-publish format-standard has-post-thumbnail hentry category-diabettes masonry-post generate-columns tablet-grid-50 mobile-grid-100 grid-parent grid-50\" role=\"listitem\">\n\t\t\t<div class=\"elementor-post__card\">\n\t\t\t\t<a class=\"elementor-post__thumbnail__link\" href=\"https:\/\/southbrowardresearch.com\/es\/maintaining-a-healthy-lifestyle-while-managing-diabetes\/\" tabindex=\"-1\" ><div class=\"elementor-post__thumbnail\"><img loading=\"lazy\" decoding=\"async\" width=\"300\" height=\"143\" src=\"https:\/\/southbrowardresearch.com\/wp-content\/uploads\/2023\/12\/diabetes-blog-banner-300x143.webp\" class=\"attachment-medium size-medium wp-image-534\" alt=\"\" srcset=\"https:\/\/southbrowardresearch.com\/wp-content\/uploads\/2023\/12\/diabetes-blog-banner-300x143.webp 300w, https:\/\/southbrowardresearch.com\/wp-content\/uploads\/2023\/12\/diabetes-blog-banner-1024x487.webp 1024w, https:\/\/southbrowardresearch.com\/wp-content\/uploads\/2023\/12\/diabetes-blog-banner-768x365.webp 768w, https:\/\/southbrowardresearch.com\/wp-content\/uploads\/2023\/12\/diabetes-blog-banner.webp 1280w\" sizes=\"(max-width: 300px) 100vw, 300px\" \/><\/div><\/a>\n\t\t\t\t<div class=\"elementor-post__text\">\n\t\t\t\t<h3 class=\"elementor-post__title\">\n\t\t\t<a href=\"https:\/\/southbrowardresearch.com\/es\/maintaining-a-healthy-lifestyle-while-managing-diabetes\/\" >\n\t\t\t\tMantener un estilo de vida saludable mientras se controla la diabetes\t\t\t<\/a>\n\t\t<\/h3>\n\t\t\t\t<div class=\"elementor-post__excerpt\">\n\t\t\t<p>Vivir con diabetes no tiene por qu\u00e9 ser una batalla cuesta arriba. Saber c\u00f3mo controlar adecuadamente la enfermedad puede marcar una gran diferencia cuando se trata de vivir una vida sana y saludable.<\/p>\n\t\t<\/div>\n\t\t\n\t\t<a class=\"elementor-post__read-more\" href=\"https:\/\/southbrowardresearch.com\/es\/maintaining-a-healthy-lifestyle-while-managing-diabetes\/\" aria-label=\"Lea m\u00e1s sobre c\u00f3mo mantener un estilo de vida saludable mientras se controla la diabetes\" tabindex=\"-1\" >\n\t\t\tLeer m\u00e1s &quot;\t\t<\/a>\n\n\t\t\t\t<\/div>\n\t\t\t\t<div class=\"elementor-post__meta-data\">\n\t\t\t\t\t<span class=\"elementor-post-date\">\n\t\t\tjulio 18, 2017\t\t<\/span>\n\t\t\t\t<\/div>\n\t\t\t\t\t<\/div>\n\t\t<\/article>\n\t\t\t\t<\/div>\n\t\t\n\t\t\t\t\t\t<\/div>\n\t\t\t\t<\/div>\n\t\t\t\t\t<\/div>\n\t\t<\/div>\n\t\t\t\t\t<\/div>\n\t\t<\/section>\n\t\t\t\t<\/div>","protected":false},"excerpt":{"rendered":"<p>BLOG<\/p>","protected":false},"author":2,"featured_media":0,"parent":0,"menu_order":0,"comment_status":"closed","ping_status":"closed","template":"","meta":{"footnotes":""},"class_list":["post-11","page","type-page","status-publish","hentry","masonry-post","generate-columns","tablet-grid-50","mobile-grid-100","grid-parent","grid-50"],"yoast_head":"<!-- This site is optimized with the Yoast SEO plugin v27.4 - https:\/\/yoast.com\/product\/yoast-seo-wordpress\/ -->\n<title>Blog - South Broward Research<\/title>\n<meta name=\"robots\" content=\"index, follow, max-snippet:-1, max-image-preview:large, max-video-preview:-1\" \/>\n<link rel=\"canonical\" href=\"https:\/\/southbrowardresearch.com\/es\/blog\/\" \/>\n<meta property=\"og:locale\" content=\"es_MX\" \/>\n<meta property=\"og:type\" content=\"article\" \/>\n<meta property=\"og:title\" content=\"Blog - South Broward Research\" \/>\n<meta property=\"og:description\" content=\"BLOG\" \/>\n<meta property=\"og:url\" content=\"https:\/\/southbrowardresearch.com\/es\/blog\/\" \/>\n<meta property=\"og:site_name\" content=\"South Broward Research\" \/>\n<meta property=\"article:modified_time\" content=\"2024-06-12T16:52:40+00:00\" \/>\n<meta name=\"twitter:card\" content=\"summary_large_image\" \/>\n<meta name=\"twitter:label1\" content=\"Tiempo de lectura\" \/>\n\t<meta name=\"twitter:data1\" content=\"4 minutos\" \/>\n<script type=\"application\/ld+json\" class=\"yoast-schema-graph\">{\"@context\":\"https:\\\/\\\/schema.org\",\"@graph\":[{\"@type\":\"WebPage\",\"@id\":\"https:\\\/\\\/southbrowardresearch.com\\\/blog\\\/\",\"url\":\"https:\\\/\\\/southbrowardresearch.com\\\/blog\\\/\",\"name\":\"Blog - South Broward Research\",\"isPartOf\":{\"@id\":\"https:\\\/\\\/southbrowardresearch.com\\\/#website\"},\"datePublished\":\"2020-11-16T18:23:04+00:00\",\"dateModified\":\"2024-06-12T16:52:40+00:00\",\"breadcrumb\":{\"@id\":\"https:\\\/\\\/southbrowardresearch.com\\\/blog\\\/#breadcrumb\"},\"inLanguage\":\"es\",\"potentialAction\":[{\"@type\":\"ReadAction\",\"target\":[\"https:\\\/\\\/southbrowardresearch.com\\\/blog\\\/\"]}]},{\"@type\":\"BreadcrumbList\",\"@id\":\"https:\\\/\\\/southbrowardresearch.com\\\/blog\\\/#breadcrumb\",\"itemListElement\":[{\"@type\":\"ListItem\",\"position\":1,\"name\":\"Home\",\"item\":\"https:\\\/\\\/southbrowardresearch.com\\\/\"},{\"@type\":\"ListItem\",\"position\":2,\"name\":\"Blog\"}]},{\"@type\":\"WebSite\",\"@id\":\"https:\\\/\\\/southbrowardresearch.com\\\/#website\",\"url\":\"https:\\\/\\\/southbrowardresearch.com\\\/\",\"name\":\"South Broward Research\",\"description\":\"Clinical Research in Pembroke Pines, FL\",\"publisher\":{\"@id\":\"https:\\\/\\\/southbrowardresearch.com\\\/#organization\"},\"potentialAction\":[{\"@type\":\"SearchAction\",\"target\":{\"@type\":\"EntryPoint\",\"urlTemplate\":\"https:\\\/\\\/southbrowardresearch.com\\\/?s={search_term_string}\"},\"query-input\":{\"@type\":\"PropertyValueSpecification\",\"valueRequired\":true,\"valueName\":\"search_term_string\"}}],\"inLanguage\":\"es\"},{\"@type\":\"Organization\",\"@id\":\"https:\\\/\\\/southbrowardresearch.com\\\/#organization\",\"name\":\"South Broward Research\",\"url\":\"https:\\\/\\\/southbrowardresearch.com\\\/\",\"logo\":{\"@type\":\"ImageObject\",\"inLanguage\":\"es\",\"@id\":\"https:\\\/\\\/southbrowardresearch.com\\\/#\\\/schema\\\/logo\\\/image\\\/\",\"url\":\"https:\\\/\\\/southbrowardresearch.com\\\/wp-content\\\/uploads\\\/2020\\\/11\\\/south-broward-research-logo-copy-e1702591561773.webp\",\"contentUrl\":\"https:\\\/\\\/southbrowardresearch.com\\\/wp-content\\\/uploads\\\/2020\\\/11\\\/south-broward-research-logo-copy-e1702591561773.webp\",\"width\":400,\"height\":70,\"caption\":\"South Broward Research\"},\"image\":{\"@id\":\"https:\\\/\\\/southbrowardresearch.com\\\/#\\\/schema\\\/logo\\\/image\\\/\"}}]}<\/script>\n<!-- \/ Yoast SEO plugin. -->","yoast_head_json":{"title":"Blog - Investigaci\u00f3n del Sur de Broward","robots":{"index":"index","follow":"follow","max-snippet":"max-snippet:-1","max-image-preview":"max-image-preview:large","max-video-preview":"max-video-preview:-1"},"canonical":"https:\/\/southbrowardresearch.com\/es\/blog\/","og_locale":"es_MX","og_type":"article","og_title":"Blog - South Broward Research","og_description":"BLOG","og_url":"https:\/\/southbrowardresearch.com\/es\/blog\/","og_site_name":"South Broward Research","article_modified_time":"2024-06-12T16:52:40+00:00","twitter_card":"summary_large_image","twitter_misc":{"Tiempo de lectura":"4 minutos"},"schema":{"@context":"https:\/\/schema.org","@graph":[{"@type":"WebPage","@id":"https:\/\/southbrowardresearch.com\/blog\/","url":"https:\/\/southbrowardresearch.com\/blog\/","name":"Blog - Investigaci\u00f3n del Sur de Broward","isPartOf":{"@id":"https:\/\/southbrowardresearch.com\/#website"},"datePublished":"2020-11-16T18:23:04+00:00","dateModified":"2024-06-12T16:52:40+00:00","breadcrumb":{"@id":"https:\/\/southbrowardresearch.com\/blog\/#breadcrumb"},"inLanguage":"es","potentialAction":[{"@type":"ReadAction","target":["https:\/\/southbrowardresearch.com\/blog\/"]}]},{"@type":"BreadcrumbList","@id":"https:\/\/southbrowardresearch.com\/blog\/#breadcrumb","itemListElement":[{"@type":"ListItem","position":1,"name":"Home","item":"https:\/\/southbrowardresearch.com\/"},{"@type":"ListItem","position":2,"name":"Blog"}]},{"@type":"WebSite","@id":"https:\/\/southbrowardresearch.com\/#website","url":"https:\/\/southbrowardresearch.com\/","name":"South Broward Clinical Research","description":"Investigaci\u00f3n cl\u00ednica en Pembroke Pines, FL","publisher":{"@id":"https:\/\/southbrowardresearch.com\/#organization"},"potentialAction":[{"@type":"SearchAction","target":{"@type":"EntryPoint","urlTemplate":"https:\/\/southbrowardresearch.com\/?s={search_term_string}"},"query-input":{"@type":"PropertyValueSpecification","valueRequired":true,"valueName":"search_term_string"}}],"inLanguage":"es"},{"@type":"Organization","@id":"https:\/\/southbrowardresearch.com\/#organization","name":"South Broward Clinical Research","url":"https:\/\/southbrowardresearch.com\/","logo":{"@type":"ImageObject","inLanguage":"es","@id":"https:\/\/southbrowardresearch.com\/#\/schema\/logo\/image\/","url":"https:\/\/southbrowardresearch.com\/wp-content\/uploads\/2020\/11\/south-broward-research-logo-copy-e1702591561773.webp","contentUrl":"https:\/\/southbrowardresearch.com\/wp-content\/uploads\/2020\/11\/south-broward-research-logo-copy-e1702591561773.webp","width":400,"height":70,"caption":"South Broward Research"},"image":{"@id":"https:\/\/southbrowardresearch.com\/#\/schema\/logo\/image\/"}}]}},"_links":{"self":[{"href":"https:\/\/southbrowardresearch.com\/es\/wp-json\/wp\/v2\/pages\/11","targetHints":{"allow":["GET"]}}],"collection":[{"href":"https:\/\/southbrowardresearch.com\/es\/wp-json\/wp\/v2\/pages"}],"about":[{"href":"https:\/\/southbrowardresearch.com\/es\/wp-json\/wp\/v2\/types\/page"}],"author":[{"embeddable":true,"href":"https:\/\/southbrowardresearch.com\/es\/wp-json\/wp\/v2\/users\/2"}],"replies":[{"embeddable":true,"href":"https:\/\/southbrowardresearch.com\/es\/wp-json\/wp\/v2\/comments?post=11"}],"version-history":[{"count":0,"href":"https:\/\/southbrowardresearch.com\/es\/wp-json\/wp\/v2\/pages\/11\/revisions"}],"wp:attachment":[{"href":"https:\/\/southbrowardresearch.com\/es\/wp-json\/wp\/v2\/media?parent=11"}],"curies":[{"name":"gracias","href":"https:\/\/api.w.org\/{rel}","templated":true}]}}