{"id":22,"date":"2020-11-16T19:19:55","date_gmt":"2020-11-16T19:19:55","guid":{"rendered":"http:\/\/minidemo.wpengine.com\/?page_id=22"},"modified":"2024-06-12T19:27:09","modified_gmt":"2024-06-12T19:27:09","slug":"contact-us","status":"publish","type":"page","link":"https:\/\/southbrowardresearch.com\/es\/contact-us\/","title":{"rendered":"Cont\u00e1ctanos"},"content":{"rendered":"<div data-elementor-type=\"wp-page\" data-elementor-id=\"22\" class=\"elementor elementor-22\" data-elementor-post-type=\"page\">\n\t\t\t\t\t\t<section class=\"elementor-section elementor-top-section elementor-element elementor-element-47d8f37 elementor-section-height-min-height elementor-section-stretched elementor-section-boxed elementor-section-height-default elementor-section-items-middle\" data-id=\"47d8f37\" data-element_type=\"section\" data-e-type=\"section\" data-settings=\"{&quot;stretch_section&quot;:&quot;section-stretched&quot;,&quot;background_background&quot;:&quot;classic&quot;}\">\n\t\t\t\t\t\t\t<div class=\"elementor-background-overlay\"><\/div>\n\t\t\t\t\t\t\t<div class=\"elementor-container elementor-column-gap-default\">\n\t\t\t\t\t<div class=\"elementor-column elementor-col-100 elementor-top-column elementor-element elementor-element-544e46c\" data-id=\"544e46c\" data-element_type=\"column\" data-e-type=\"column\">\n\t\t\t<div class=\"elementor-widget-wrap elementor-element-populated\">\n\t\t\t\t\t\t<div class=\"elementor-element elementor-element-dd63388 elementor-widget elementor-widget-heading\" data-id=\"dd63388\" data-element_type=\"widget\" data-e-type=\"widget\" data-widget_type=\"heading.default\">\n\t\t\t\t<div class=\"elementor-widget-container\">\n\t\t\t\t\t<h1 class=\"elementor-heading-title elementor-size-default\"> Cont\u00e1ctanos<\/h1>\t\t\t\t<\/div>\n\t\t\t\t<\/div>\n\t\t\t\t\t<\/div>\n\t\t<\/div>\n\t\t\t\t\t<\/div>\n\t\t<\/section>\n\t\t\t\t<\/div>","protected":false},"excerpt":{"rendered":"<p>Cont\u00e1ctanos<\/p>","protected":false},"author":2,"featured_media":0,"parent":0,"menu_order":0,"comment_status":"closed","ping_status":"closed","template":"","meta":{"footnotes":""},"class_list":["post-22","page","type-page","status-publish"],"yoast_head":"<!-- This site is optimized with the Yoast SEO plugin v27.3 - https:\/\/yoast.com\/product\/yoast-seo-wordpress\/ -->\n<title>Contact Us - South Broward Research<\/title>\n<meta name=\"description\" content=\"Have Questions or comments on participating in a clinical Trial with South Broward Clinical Research? Contact Us Today.\" \/>\n<meta name=\"robots\" content=\"index, follow, max-snippet:-1, max-image-preview:large, max-video-preview:-1\" \/>\n<link rel=\"canonical\" href=\"https:\/\/southbrowardresearch.com\/es\/contact-us\/\" \/>\n<meta property=\"og:locale\" content=\"es_MX\" \/>\n<meta property=\"og:type\" content=\"article\" \/>\n<meta property=\"og:title\" content=\"Contact Us - South Broward Research\" \/>\n<meta property=\"og:description\" content=\"Have Questions or comments on participating in a clinical Trial with South Broward Clinical Research? Contact Us Today.\" \/>\n<meta property=\"og:url\" content=\"https:\/\/southbrowardresearch.com\/es\/contact-us\/\" \/>\n<meta property=\"og:site_name\" content=\"South Broward Research\" \/>\n<meta property=\"article:modified_time\" content=\"2024-06-12T19:27:09+00:00\" \/>\n<meta name=\"twitter:card\" content=\"summary_large_image\" \/>\n<meta name=\"twitter:label1\" content=\"Tiempo de lectura\" \/>\n\t<meta name=\"twitter:data1\" content=\"1 minuto\" \/>\n<script type=\"application\/ld+json\" class=\"yoast-schema-graph\">{\"@context\":\"https:\\\/\\\/schema.org\",\"@graph\":[{\"@type\":\"WebPage\",\"@id\":\"https:\\\/\\\/southbrowardresearch.com\\\/contact-us\\\/\",\"url\":\"https:\\\/\\\/southbrowardresearch.com\\\/contact-us\\\/\",\"name\":\"Contact Us - South Broward Research\",\"isPartOf\":{\"@id\":\"https:\\\/\\\/southbrowardresearch.com\\\/#website\"},\"datePublished\":\"2020-11-16T19:19:55+00:00\",\"dateModified\":\"2024-06-12T19:27:09+00:00\",\"description\":\"Have Questions or comments on participating in a clinical Trial with South Broward Clinical Research? Contact Us Today.\",\"breadcrumb\":{\"@id\":\"https:\\\/\\\/southbrowardresearch.com\\\/contact-us\\\/#breadcrumb\"},\"inLanguage\":\"es\",\"potentialAction\":[{\"@type\":\"ReadAction\",\"target\":[\"https:\\\/\\\/southbrowardresearch.com\\\/contact-us\\\/\"]}]},{\"@type\":\"BreadcrumbList\",\"@id\":\"https:\\\/\\\/southbrowardresearch.com\\\/contact-us\\\/#breadcrumb\",\"itemListElement\":[{\"@type\":\"ListItem\",\"position\":1,\"name\":\"Home\",\"item\":\"https:\\\/\\\/southbrowardresearch.com\\\/\"},{\"@type\":\"ListItem\",\"position\":2,\"name\":\"Contact Us\"}]},{\"@type\":\"WebSite\",\"@id\":\"https:\\\/\\\/southbrowardresearch.com\\\/#website\",\"url\":\"https:\\\/\\\/southbrowardresearch.com\\\/\",\"name\":\"South Broward Research\",\"description\":\"Clinical Research in Pembroke Pines, FL\",\"publisher\":{\"@id\":\"https:\\\/\\\/southbrowardresearch.com\\\/#organization\"},\"potentialAction\":[{\"@type\":\"SearchAction\",\"target\":{\"@type\":\"EntryPoint\",\"urlTemplate\":\"https:\\\/\\\/southbrowardresearch.com\\\/?s={search_term_string}\"},\"query-input\":{\"@type\":\"PropertyValueSpecification\",\"valueRequired\":true,\"valueName\":\"search_term_string\"}}],\"inLanguage\":\"es\"},{\"@type\":\"Organization\",\"@id\":\"https:\\\/\\\/southbrowardresearch.com\\\/#organization\",\"name\":\"South Broward Research\",\"url\":\"https:\\\/\\\/southbrowardresearch.com\\\/\",\"logo\":{\"@type\":\"ImageObject\",\"inLanguage\":\"es\",\"@id\":\"https:\\\/\\\/southbrowardresearch.com\\\/#\\\/schema\\\/logo\\\/image\\\/\",\"url\":\"https:\\\/\\\/southbrowardresearch.com\\\/wp-content\\\/uploads\\\/2020\\\/11\\\/south-broward-research-logo-copy-e1702591561773.webp\",\"contentUrl\":\"https:\\\/\\\/southbrowardresearch.com\\\/wp-content\\\/uploads\\\/2020\\\/11\\\/south-broward-research-logo-copy-e1702591561773.webp\",\"width\":400,\"height\":70,\"caption\":\"South Broward Research\"},\"image\":{\"@id\":\"https:\\\/\\\/southbrowardresearch.com\\\/#\\\/schema\\\/logo\\\/image\\\/\"}}]}<\/script>\n<!-- \/ Yoast SEO plugin. -->","yoast_head_json":{"title":"Cont\u00e1ctenos - Investigaci\u00f3n de South Broward","description":"\u00bfTiene preguntas o comentarios sobre su participaci\u00f3n en un ensayo cl\u00ednico con South Broward Clinical Research? Cont\u00e1ctenos hoy mismo.","robots":{"index":"index","follow":"follow","max-snippet":"max-snippet:-1","max-image-preview":"max-image-preview:large","max-video-preview":"max-video-preview:-1"},"canonical":"https:\/\/southbrowardresearch.com\/es\/contact-us\/","og_locale":"es_MX","og_type":"article","og_title":"Contact Us - South Broward Research","og_description":"Have Questions or comments on participating in a clinical Trial with South Broward Clinical Research? Contact Us Today.","og_url":"https:\/\/southbrowardresearch.com\/es\/contact-us\/","og_site_name":"South Broward Research","article_modified_time":"2024-06-12T19:27:09+00:00","twitter_card":"summary_large_image","twitter_misc":{"Tiempo de lectura":"1 minuto"},"schema":{"@context":"https:\/\/schema.org","@graph":[{"@type":"WebPage","@id":"https:\/\/southbrowardresearch.com\/contact-us\/","url":"https:\/\/southbrowardresearch.com\/contact-us\/","name":"Cont\u00e1ctenos - Investigaci\u00f3n de South Broward","isPartOf":{"@id":"https:\/\/southbrowardresearch.com\/#website"},"datePublished":"2020-11-16T19:19:55+00:00","dateModified":"2024-06-12T19:27:09+00:00","description":"\u00bfTiene preguntas o comentarios sobre su participaci\u00f3n en un ensayo cl\u00ednico con South Broward Clinical Research? Cont\u00e1ctenos hoy mismo.","breadcrumb":{"@id":"https:\/\/southbrowardresearch.com\/contact-us\/#breadcrumb"},"inLanguage":"es","potentialAction":[{"@type":"ReadAction","target":["https:\/\/southbrowardresearch.com\/contact-us\/"]}]},{"@type":"BreadcrumbList","@id":"https:\/\/southbrowardresearch.com\/contact-us\/#breadcrumb","itemListElement":[{"@type":"ListItem","position":1,"name":"Home","item":"https:\/\/southbrowardresearch.com\/"},{"@type":"ListItem","position":2,"name":"Contact Us"}]},{"@type":"WebSite","@id":"https:\/\/southbrowardresearch.com\/#website","url":"https:\/\/southbrowardresearch.com\/","name":"South Broward Clinical Research","description":"Investigaci\u00f3n cl\u00ednica en Pembroke Pines, FL","publisher":{"@id":"https:\/\/southbrowardresearch.com\/#organization"},"potentialAction":[{"@type":"SearchAction","target":{"@type":"EntryPoint","urlTemplate":"https:\/\/southbrowardresearch.com\/?s={search_term_string}"},"query-input":{"@type":"PropertyValueSpecification","valueRequired":true,"valueName":"search_term_string"}}],"inLanguage":"es"},{"@type":"Organization","@id":"https:\/\/southbrowardresearch.com\/#organization","name":"South Broward Clinical Research","url":"https:\/\/southbrowardresearch.com\/","logo":{"@type":"ImageObject","inLanguage":"es","@id":"https:\/\/southbrowardresearch.com\/#\/schema\/logo\/image\/","url":"https:\/\/southbrowardresearch.com\/wp-content\/uploads\/2020\/11\/south-broward-research-logo-copy-e1702591561773.webp","contentUrl":"https:\/\/southbrowardresearch.com\/wp-content\/uploads\/2020\/11\/south-broward-research-logo-copy-e1702591561773.webp","width":400,"height":70,"caption":"South Broward Research"},"image":{"@id":"https:\/\/southbrowardresearch.com\/#\/schema\/logo\/image\/"}}]}},"_links":{"self":[{"href":"https:\/\/southbrowardresearch.com\/es\/wp-json\/wp\/v2\/pages\/22","targetHints":{"allow":["GET"]}}],"collection":[{"href":"https:\/\/southbrowardresearch.com\/es\/wp-json\/wp\/v2\/pages"}],"about":[{"href":"https:\/\/southbrowardresearch.com\/es\/wp-json\/wp\/v2\/types\/page"}],"author":[{"embeddable":true,"href":"https:\/\/southbrowardresearch.com\/es\/wp-json\/wp\/v2\/users\/2"}],"replies":[{"embeddable":true,"href":"https:\/\/southbrowardresearch.com\/es\/wp-json\/wp\/v2\/comments?post=22"}],"version-history":[{"count":0,"href":"https:\/\/southbrowardresearch.com\/es\/wp-json\/wp\/v2\/pages\/22\/revisions"}],"wp:attachment":[{"href":"https:\/\/southbrowardresearch.com\/es\/wp-json\/wp\/v2\/media?parent=22"}],"curies":[{"name":"gracias","href":"https:\/\/api.w.org\/{rel}","templated":true}]}}