{"id":496,"date":"2023-12-13T18:39:05","date_gmt":"2023-12-13T18:39:05","guid":{"rendered":"https:\/\/southbrowardresearch.com\/?page_id=496"},"modified":"2024-06-12T19:15:17","modified_gmt":"2024-06-12T19:15:17","slug":"michelle-hartmann","status":"publish","type":"page","link":"https:\/\/southbrowardresearch.com\/es\/research-team\/michelle-hartmann\/","title":{"rendered":"Michelle Hartman"},"content":{"rendered":"<div data-elementor-type=\"wp-page\" data-elementor-id=\"496\" class=\"elementor elementor-496\" data-elementor-post-type=\"page\">\n\t\t\t\t\t\t<section class=\"elementor-section elementor-top-section elementor-element elementor-element-1b11e4b elementor-section-boxed elementor-section-height-default elementor-section-height-default\" data-id=\"1b11e4b\" data-element_type=\"section\" data-e-type=\"section\">\n\t\t\t\t\t\t<div class=\"elementor-container elementor-column-gap-wider\">\n\t\t\t\t\t<div class=\"elementor-column elementor-col-33 elementor-top-column elementor-element elementor-element-32c9731\" data-id=\"32c9731\" data-element_type=\"column\" data-e-type=\"column\">\n\t\t\t<div class=\"elementor-widget-wrap elementor-element-populated\">\n\t\t\t\t\t\t<div class=\"elementor-element elementor-element-abc4b50 elementor-widget elementor-widget-image\" data-id=\"abc4b50\" data-element_type=\"widget\" data-e-type=\"widget\" data-widget_type=\"image.default\">\n\t\t\t\t<div class=\"elementor-widget-container\">\n\t\t\t\t\t\t\t\t\t\t\t\t<figure class=\"wp-caption\">\n\t\t\t\t\t\t\t\t\t\t<img fetchpriority=\"high\" decoding=\"async\" width=\"600\" height=\"600\" src=\"https:\/\/southbrowardresearch.com\/wp-content\/uploads\/2024\/06\/Head-Shot-Michelle-1-RT.webp\" class=\"attachment-medium_large size-medium_large wp-image-622\" alt=\"Michelle Hartmann- Director\/Research Coordinator ar South Broward Research\" srcset=\"https:\/\/southbrowardresearch.com\/wp-content\/uploads\/2024\/06\/Head-Shot-Michelle-1-RT.webp 600w, https:\/\/southbrowardresearch.com\/wp-content\/uploads\/2024\/06\/Head-Shot-Michelle-1-RT-300x300.webp 300w, https:\/\/southbrowardresearch.com\/wp-content\/uploads\/2024\/06\/Head-Shot-Michelle-1-RT-150x150.webp 150w, https:\/\/southbrowardresearch.com\/wp-content\/uploads\/2024\/06\/Head-Shot-Michelle-1-RT-12x12.webp 12w\" sizes=\"(max-width: 600px) 100vw, 600px\" \/>\t\t\t\t\t\t\t\t\t\t\t<figcaption class=\"widget-image-caption wp-caption-text\">Michelle Hartman<\/figcaption>\n\t\t\t\t\t\t\t\t\t\t<\/figure>\n\t\t\t\t\t\t\t\t\t<\/div>\n\t\t\t\t<\/div>\n\t\t\t\t\t<\/div>\n\t\t<\/div>\n\t\t\t\t<div class=\"elementor-column elementor-col-66 elementor-top-column elementor-element elementor-element-e5166ef\" data-id=\"e5166ef\" data-element_type=\"column\" data-e-type=\"column\">\n\t\t\t<div class=\"elementor-widget-wrap elementor-element-populated\">\n\t\t\t\t\t\t<div class=\"elementor-element elementor-element-0c8ed53 elementor-widget elementor-widget-heading\" data-id=\"0c8ed53\" data-element_type=\"widget\" data-e-type=\"widget\" data-widget_type=\"heading.default\">\n\t\t\t\t<div class=\"elementor-widget-container\">\n\t\t\t\t\t<h2 class=\"elementor-heading-title elementor-size-default\">Director de investigaci\u00f3n<\/h2>\t\t\t\t<\/div>\n\t\t\t\t<\/div>\n\t\t\t\t<div class=\"elementor-element elementor-element-161ce2d elementor-widget elementor-widget-text-editor\" data-id=\"161ce2d\" data-element_type=\"widget\" data-e-type=\"widget\" data-widget_type=\"text-editor.default\">\n\t\t\t\t<div class=\"elementor-widget-container\">\n\t\t\t\t\t\t\t\t\t<p>Michelle Hartmann, CCRP, se uni\u00f3 a South Broward Research en 2006 y se convirti\u00f3 en directora en 2008. Se dedica a mejorar la atenci\u00f3n m\u00e9dica garantizando la integridad en el trabajo realizado en South Broward Research. Se siente afortunada de ser parte de un equipo incre\u00edble. Asisti\u00f3 a la Universidad Estatal de Florida, donde recibi\u00f3 su Licenciatura y Maestr\u00eda en Ciencias. Continu\u00f3 su educaci\u00f3n en el campo de la investigaci\u00f3n asistiendo a seminarios y conferencias de investigaci\u00f3n, participando en paneles con patrocinadores y organizaciones industriales y convirti\u00e9ndose en una profesional certificada en investigaci\u00f3n cl\u00ednica. Le gusta pasar tiempo con su familia, viajar y, a menudo, se la puede encontrar leyendo un buen libro.<\/p>\t\t\t\t\t\t\t\t<\/div>\n\t\t\t\t<\/div>\n\t\t\t\t\t<\/div>\n\t\t<\/div>\n\t\t\t\t\t<\/div>\n\t\t<\/section>\n\t\t\t\t<\/div>","protected":false},"excerpt":{"rendered":"<p>La directora de investigaci\u00f3n Michelle Hartmann, CCRP, se uni\u00f3 a South Broward Research en 2006 y se convirti\u00f3 en directora en 2008. Est\u00e1 dedicada a la b\u00fasqueda de avances en el cuidado de la salud al garantizar la integridad en el trabajo que se realiza en South Broward Research. Se siente afortunada de ser parte de un equipo incre\u00edble. Asisti\u00f3 a la Universidad Estatal de Florida, donde\u2026 <\/p>\n<p class=\"read-more-container\"><a title=\"Michelle Hartman\" class=\"read-more button\" href=\"https:\/\/southbrowardresearch.com\/es\/research-team\/michelle-hartmann\/#more-496\" aria-label=\"Leer m\u00e1s sobre Michelle Hartmann\">Leer m\u00e1s<\/a><\/p>","protected":false},"author":2,"featured_media":0,"parent":17,"menu_order":0,"comment_status":"closed","ping_status":"closed","template":"","meta":{"footnotes":""},"class_list":["post-496","page","type-page","status-publish"],"yoast_head":"<!-- This site is optimized with the Yoast SEO plugin v27.3 - https:\/\/yoast.com\/product\/yoast-seo-wordpress\/ -->\n<title>Michelle Hartmann - South Broward Research<\/title>\n<meta name=\"description\" content=\"Learn more about Michelle Hartmann: part of the South Broward Clinical Research Team and dedicated to patient success.\" \/>\n<meta name=\"robots\" content=\"index, follow, max-snippet:-1, max-image-preview:large, max-video-preview:-1\" \/>\n<link rel=\"canonical\" href=\"https:\/\/southbrowardresearch.com\/es\/research-team\/michelle-hartmann\/\" \/>\n<meta property=\"og:locale\" content=\"es_MX\" \/>\n<meta property=\"og:type\" content=\"article\" \/>\n<meta property=\"og:title\" content=\"Michelle Hartmann - South Broward Research\" \/>\n<meta property=\"og:description\" content=\"Learn more about Michelle Hartmann: part of the South Broward Clinical Research Team and dedicated to patient success.\" \/>\n<meta property=\"og:url\" content=\"https:\/\/southbrowardresearch.com\/es\/research-team\/michelle-hartmann\/\" \/>\n<meta property=\"og:site_name\" content=\"South Broward Research\" \/>\n<meta property=\"article:modified_time\" content=\"2024-06-12T19:15:17+00:00\" \/>\n<meta property=\"og:image\" content=\"https:\/\/southbrowardresearch.com\/wp-content\/uploads\/2024\/06\/Head-Shot-Michelle-1-RT.webp\" \/>\n<meta name=\"twitter:card\" content=\"summary_large_image\" \/>\n<meta name=\"twitter:label1\" content=\"Tiempo de lectura\" \/>\n\t<meta name=\"twitter:data1\" content=\"1 minuto\" \/>\n<script type=\"application\/ld+json\" class=\"yoast-schema-graph\">{\"@context\":\"https:\\\/\\\/schema.org\",\"@graph\":[{\"@type\":\"WebPage\",\"@id\":\"https:\\\/\\\/southbrowardresearch.com\\\/research-team\\\/michelle-hartmann\\\/\",\"url\":\"https:\\\/\\\/southbrowardresearch.com\\\/research-team\\\/michelle-hartmann\\\/\",\"name\":\"Michelle Hartmann - South Broward Research\",\"isPartOf\":{\"@id\":\"https:\\\/\\\/southbrowardresearch.com\\\/#website\"},\"primaryImageOfPage\":{\"@id\":\"https:\\\/\\\/southbrowardresearch.com\\\/research-team\\\/michelle-hartmann\\\/#primaryimage\"},\"image\":{\"@id\":\"https:\\\/\\\/southbrowardresearch.com\\\/research-team\\\/michelle-hartmann\\\/#primaryimage\"},\"thumbnailUrl\":\"https:\\\/\\\/southbrowardresearch.com\\\/wp-content\\\/uploads\\\/2024\\\/06\\\/Head-Shot-Michelle-1-RT.webp\",\"datePublished\":\"2023-12-13T18:39:05+00:00\",\"dateModified\":\"2024-06-12T19:15:17+00:00\",\"description\":\"Learn more about Michelle Hartmann: part of the South Broward Clinical Research Team and dedicated to patient success.\",\"breadcrumb\":{\"@id\":\"https:\\\/\\\/southbrowardresearch.com\\\/research-team\\\/michelle-hartmann\\\/#breadcrumb\"},\"inLanguage\":\"es\",\"potentialAction\":[{\"@type\":\"ReadAction\",\"target\":[\"https:\\\/\\\/southbrowardresearch.com\\\/research-team\\\/michelle-hartmann\\\/\"]}]},{\"@type\":\"ImageObject\",\"inLanguage\":\"es\",\"@id\":\"https:\\\/\\\/southbrowardresearch.com\\\/research-team\\\/michelle-hartmann\\\/#primaryimage\",\"url\":\"https:\\\/\\\/southbrowardresearch.com\\\/wp-content\\\/uploads\\\/2024\\\/06\\\/Head-Shot-Michelle-1-RT.webp\",\"contentUrl\":\"https:\\\/\\\/southbrowardresearch.com\\\/wp-content\\\/uploads\\\/2024\\\/06\\\/Head-Shot-Michelle-1-RT.webp\"},{\"@type\":\"BreadcrumbList\",\"@id\":\"https:\\\/\\\/southbrowardresearch.com\\\/research-team\\\/michelle-hartmann\\\/#breadcrumb\",\"itemListElement\":[{\"@type\":\"ListItem\",\"position\":1,\"name\":\"Home\",\"item\":\"https:\\\/\\\/southbrowardresearch.com\\\/\"},{\"@type\":\"ListItem\",\"position\":2,\"name\":\"Research Team\",\"item\":\"https:\\\/\\\/southbrowardresearch.com\\\/research-team\\\/\"},{\"@type\":\"ListItem\",\"position\":3,\"name\":\"Michelle Hartmann\"}]},{\"@type\":\"WebSite\",\"@id\":\"https:\\\/\\\/southbrowardresearch.com\\\/#website\",\"url\":\"https:\\\/\\\/southbrowardresearch.com\\\/\",\"name\":\"South Broward Research\",\"description\":\"Clinical Research in Pembroke Pines, FL\",\"publisher\":{\"@id\":\"https:\\\/\\\/southbrowardresearch.com\\\/#organization\"},\"potentialAction\":[{\"@type\":\"SearchAction\",\"target\":{\"@type\":\"EntryPoint\",\"urlTemplate\":\"https:\\\/\\\/southbrowardresearch.com\\\/?s={search_term_string}\"},\"query-input\":{\"@type\":\"PropertyValueSpecification\",\"valueRequired\":true,\"valueName\":\"search_term_string\"}}],\"inLanguage\":\"es\"},{\"@type\":\"Organization\",\"@id\":\"https:\\\/\\\/southbrowardresearch.com\\\/#organization\",\"name\":\"South Broward Research\",\"url\":\"https:\\\/\\\/southbrowardresearch.com\\\/\",\"logo\":{\"@type\":\"ImageObject\",\"inLanguage\":\"es\",\"@id\":\"https:\\\/\\\/southbrowardresearch.com\\\/#\\\/schema\\\/logo\\\/image\\\/\",\"url\":\"https:\\\/\\\/southbrowardresearch.com\\\/wp-content\\\/uploads\\\/2020\\\/11\\\/south-broward-research-logo-copy-e1702591561773.webp\",\"contentUrl\":\"https:\\\/\\\/southbrowardresearch.com\\\/wp-content\\\/uploads\\\/2020\\\/11\\\/south-broward-research-logo-copy-e1702591561773.webp\",\"width\":400,\"height\":70,\"caption\":\"South Broward Research\"},\"image\":{\"@id\":\"https:\\\/\\\/southbrowardresearch.com\\\/#\\\/schema\\\/logo\\\/image\\\/\"}}]}<\/script>\n<!-- \/ Yoast SEO plugin. -->","yoast_head_json":{"title":"Michelle Hartmann - South Broward Research","description":"Learn more about Michelle Hartmann: part of the South Broward Clinical Research Team and dedicated to patient success.","robots":{"index":"index","follow":"follow","max-snippet":"max-snippet:-1","max-image-preview":"max-image-preview:large","max-video-preview":"max-video-preview:-1"},"canonical":"https:\/\/southbrowardresearch.com\/es\/research-team\/michelle-hartmann\/","og_locale":"es_MX","og_type":"article","og_title":"Michelle Hartmann - South Broward Research","og_description":"Learn more about Michelle Hartmann: part of the South Broward Clinical Research Team and dedicated to patient success.","og_url":"https:\/\/southbrowardresearch.com\/es\/research-team\/michelle-hartmann\/","og_site_name":"South Broward Research","article_modified_time":"2024-06-12T19:15:17+00:00","og_image":[{"url":"https:\/\/southbrowardresearch.com\/wp-content\/uploads\/2024\/06\/Head-Shot-Michelle-1-RT.webp","type":"","width":"","height":""}],"twitter_card":"summary_large_image","twitter_misc":{"Tiempo de lectura":"1 minuto"},"schema":{"@context":"https:\/\/schema.org","@graph":[{"@type":"WebPage","@id":"https:\/\/southbrowardresearch.com\/research-team\/michelle-hartmann\/","url":"https:\/\/southbrowardresearch.com\/research-team\/michelle-hartmann\/","name":"Michelle Hartmann - South Broward Research","isPartOf":{"@id":"https:\/\/southbrowardresearch.com\/#website"},"primaryImageOfPage":{"@id":"https:\/\/southbrowardresearch.com\/research-team\/michelle-hartmann\/#primaryimage"},"image":{"@id":"https:\/\/southbrowardresearch.com\/research-team\/michelle-hartmann\/#primaryimage"},"thumbnailUrl":"https:\/\/southbrowardresearch.com\/wp-content\/uploads\/2024\/06\/Head-Shot-Michelle-1-RT.webp","datePublished":"2023-12-13T18:39:05+00:00","dateModified":"2024-06-12T19:15:17+00:00","description":"Learn more about Michelle Hartmann: part of the South Broward Clinical Research Team and dedicated to patient success.","breadcrumb":{"@id":"https:\/\/southbrowardresearch.com\/research-team\/michelle-hartmann\/#breadcrumb"},"inLanguage":"es","potentialAction":[{"@type":"ReadAction","target":["https:\/\/southbrowardresearch.com\/research-team\/michelle-hartmann\/"]}]},{"@type":"ImageObject","inLanguage":"es","@id":"https:\/\/southbrowardresearch.com\/research-team\/michelle-hartmann\/#primaryimage","url":"https:\/\/southbrowardresearch.com\/wp-content\/uploads\/2024\/06\/Head-Shot-Michelle-1-RT.webp","contentUrl":"https:\/\/southbrowardresearch.com\/wp-content\/uploads\/2024\/06\/Head-Shot-Michelle-1-RT.webp"},{"@type":"BreadcrumbList","@id":"https:\/\/southbrowardresearch.com\/research-team\/michelle-hartmann\/#breadcrumb","itemListElement":[{"@type":"ListItem","position":1,"name":"Home","item":"https:\/\/southbrowardresearch.com\/"},{"@type":"ListItem","position":2,"name":"Research Team","item":"https:\/\/southbrowardresearch.com\/research-team\/"},{"@type":"ListItem","position":3,"name":"Michelle Hartmann"}]},{"@type":"WebSite","@id":"https:\/\/southbrowardresearch.com\/#website","url":"https:\/\/southbrowardresearch.com\/","name":"South Broward Clinical Research","description":"Investigaci\u00f3n cl\u00ednica en Pembroke Pines, FL","publisher":{"@id":"https:\/\/southbrowardresearch.com\/#organization"},"potentialAction":[{"@type":"SearchAction","target":{"@type":"EntryPoint","urlTemplate":"https:\/\/southbrowardresearch.com\/?s={search_term_string}"},"query-input":{"@type":"PropertyValueSpecification","valueRequired":true,"valueName":"search_term_string"}}],"inLanguage":"es"},{"@type":"Organization","@id":"https:\/\/southbrowardresearch.com\/#organization","name":"South Broward Clinical Research","url":"https:\/\/southbrowardresearch.com\/","logo":{"@type":"ImageObject","inLanguage":"es","@id":"https:\/\/southbrowardresearch.com\/#\/schema\/logo\/image\/","url":"https:\/\/southbrowardresearch.com\/wp-content\/uploads\/2020\/11\/south-broward-research-logo-copy-e1702591561773.webp","contentUrl":"https:\/\/southbrowardresearch.com\/wp-content\/uploads\/2020\/11\/south-broward-research-logo-copy-e1702591561773.webp","width":400,"height":70,"caption":"South Broward Research"},"image":{"@id":"https:\/\/southbrowardresearch.com\/#\/schema\/logo\/image\/"}}]}},"_links":{"self":[{"href":"https:\/\/southbrowardresearch.com\/es\/wp-json\/wp\/v2\/pages\/496","targetHints":{"allow":["GET"]}}],"collection":[{"href":"https:\/\/southbrowardresearch.com\/es\/wp-json\/wp\/v2\/pages"}],"about":[{"href":"https:\/\/southbrowardresearch.com\/es\/wp-json\/wp\/v2\/types\/page"}],"author":[{"embeddable":true,"href":"https:\/\/southbrowardresearch.com\/es\/wp-json\/wp\/v2\/users\/2"}],"replies":[{"embeddable":true,"href":"https:\/\/southbrowardresearch.com\/es\/wp-json\/wp\/v2\/comments?post=496"}],"version-history":[{"count":0,"href":"https:\/\/southbrowardresearch.com\/es\/wp-json\/wp\/v2\/pages\/496\/revisions"}],"up":[{"embeddable":true,"href":"https:\/\/southbrowardresearch.com\/es\/wp-json\/wp\/v2\/pages\/17"}],"wp:attachment":[{"href":"https:\/\/southbrowardresearch.com\/es\/wp-json\/wp\/v2\/media?parent=496"}],"curies":[{"name":"gracias","href":"https:\/\/api.w.org\/{rel}","templated":true}]}}