{"id":499,"date":"2023-12-13T20:06:45","date_gmt":"2023-12-13T20:06:45","guid":{"rendered":"https:\/\/southbrowardresearch.com\/?page_id=499"},"modified":"2024-06-12T19:20:48","modified_gmt":"2024-06-12T19:20:48","slug":"johayma-gutierrez","status":"publish","type":"page","link":"https:\/\/southbrowardresearch.com\/es\/research-team\/johayma-gutierrez\/","title":{"rendered":"Johayma Guti\u00e9rrez, RN"},"content":{"rendered":"<div data-elementor-type=\"wp-page\" data-elementor-id=\"499\" class=\"elementor elementor-499\" data-elementor-post-type=\"page\">\n\t\t\t\t\t\t<section class=\"elementor-section elementor-top-section elementor-element elementor-element-1b11e4b elementor-section-boxed elementor-section-height-default elementor-section-height-default\" data-id=\"1b11e4b\" data-element_type=\"section\" data-e-type=\"section\">\n\t\t\t\t\t\t<div class=\"elementor-container elementor-column-gap-wider\">\n\t\t\t\t\t<div class=\"elementor-column elementor-col-33 elementor-top-column elementor-element elementor-element-32c9731\" data-id=\"32c9731\" data-element_type=\"column\" data-e-type=\"column\">\n\t\t\t<div class=\"elementor-widget-wrap elementor-element-populated\">\n\t\t\t\t\t\t<div class=\"elementor-element elementor-element-abc4b50 elementor-widget elementor-widget-image\" data-id=\"abc4b50\" data-element_type=\"widget\" data-e-type=\"widget\" data-widget_type=\"image.default\">\n\t\t\t\t<div class=\"elementor-widget-container\">\n\t\t\t\t\t\t\t\t\t\t\t\t<figure class=\"wp-caption\">\n\t\t\t\t\t\t\t\t\t\t<img fetchpriority=\"high\" decoding=\"async\" width=\"600\" height=\"600\" src=\"https:\/\/southbrowardresearch.com\/wp-content\/uploads\/2024\/06\/Headshot-Johayma-1.webp\" class=\"attachment-medium_large size-medium_large wp-image-595\" alt=\"Johayma Gutierrez, RN - Clinical Research Coordinator at South Broward Clinical Research\" srcset=\"https:\/\/southbrowardresearch.com\/wp-content\/uploads\/2024\/06\/Headshot-Johayma-1.webp 600w, https:\/\/southbrowardresearch.com\/wp-content\/uploads\/2024\/06\/Headshot-Johayma-1-300x300.webp 300w, https:\/\/southbrowardresearch.com\/wp-content\/uploads\/2024\/06\/Headshot-Johayma-1-150x150.webp 150w, https:\/\/southbrowardresearch.com\/wp-content\/uploads\/2024\/06\/Headshot-Johayma-1-12x12.webp 12w\" sizes=\"(max-width: 600px) 100vw, 600px\" \/>\t\t\t\t\t\t\t\t\t\t\t<figcaption class=\"widget-image-caption wp-caption-text\">Johayma Guti\u00e9rrez, RN<\/figcaption>\n\t\t\t\t\t\t\t\t\t\t<\/figure>\n\t\t\t\t\t\t\t\t\t<\/div>\n\t\t\t\t<\/div>\n\t\t\t\t\t<\/div>\n\t\t<\/div>\n\t\t\t\t<div class=\"elementor-column elementor-col-66 elementor-top-column elementor-element elementor-element-e5166ef\" data-id=\"e5166ef\" data-element_type=\"column\" data-e-type=\"column\">\n\t\t\t<div class=\"elementor-widget-wrap elementor-element-populated\">\n\t\t\t\t\t\t<div class=\"elementor-element elementor-element-0c8ed53 elementor-widget elementor-widget-heading\" data-id=\"0c8ed53\" data-element_type=\"widget\" data-e-type=\"widget\" data-widget_type=\"heading.default\">\n\t\t\t\t<div class=\"elementor-widget-container\">\n\t\t\t\t\t<h2 class=\"elementor-heading-title elementor-size-default\">Coordinadora de Investigaci\u00f3n Cl\u00ednica<\/h2>\t\t\t\t<\/div>\n\t\t\t\t<\/div>\n\t\t\t\t<div class=\"elementor-element elementor-element-161ce2d elementor-widget elementor-widget-text-editor\" data-id=\"161ce2d\" data-element_type=\"widget\" data-e-type=\"widget\" data-widget_type=\"text-editor.default\">\n\t\t\t\t<div class=\"elementor-widget-container\">\n\t\t\t\t\t\t\t\t\t<p>Johayma Guti\u00e9rrez, enfermera registrada, se uni\u00f3 al equipo de South Broward Research en 2016. Johayma Guti\u00e9rrez es biling\u00fce, espa\u00f1ol e ingl\u00e9s. Ha estado involucrada en el campo de la medicina desde 2010. Recibi\u00f3 su certificaci\u00f3n de maestr\u00eda en 2013, su licencia de enfermera registrada en 2021 y su BSN en 2022. Actualmente est\u00e1 trabajando para obtener su t\u00edtulo de MSN\/FNP. Sus pasatiempos incluyen relajarse en la playa, leer libros e irse de vacaciones. Es una amante de los animales y defensora de los perros callejeros.<\/p>\t\t\t\t\t\t\t\t<\/div>\n\t\t\t\t<\/div>\n\t\t\t\t\t<\/div>\n\t\t<\/div>\n\t\t\t\t\t<\/div>\n\t\t<\/section>\n\t\t\t\t<\/div>","protected":false},"excerpt":{"rendered":"<p>La coordinadora de investigaci\u00f3n cl\u00ednica, Johayma Guti\u00e9rrez, RN, se uni\u00f3 al equipo de South Broward Research en 2016. Johayma Guti\u00e9rrez es biling\u00fce, habla espa\u00f1ol e ingl\u00e9s. Ha estado involucrada en el campo m\u00e9dico desde 2010. Recibi\u00f3 su certificaci\u00f3n de maestr\u00eda en 2013, su licencia de enfermera registrada en 2021 y su licenciatura en enfermer\u00eda en 2022. Actualmente est\u00e1 trabajando para obtener su t\u00edtulo de maestr\u00eda en enfermer\u00eda\/enfermer\u00eda primaria. Sus pasatiempos son\u2026 <\/p>\n<p class=\"read-more-container\"><a title=\"Johayma Guti\u00e9rrez, RN\" class=\"read-more button\" href=\"https:\/\/southbrowardresearch.com\/es\/research-team\/johayma-gutierrez\/#more-499\" aria-label=\"Leer m\u00e1s sobre Johayma Guti\u00e9rrez, RN\">Leer m\u00e1s<\/a><\/p>","protected":false},"author":2,"featured_media":0,"parent":17,"menu_order":0,"comment_status":"closed","ping_status":"closed","template":"","meta":{"footnotes":""},"class_list":["post-499","page","type-page","status-publish"],"yoast_head":"<!-- This site is optimized with the Yoast SEO plugin v27.3 - https:\/\/yoast.com\/product\/yoast-seo-wordpress\/ -->\n<title>Johayma Gutierrez, RN - South Broward Research<\/title>\n<meta name=\"description\" content=\"Learn more about Johayma Gutierrez: part of the South Broward Clinical Research Team and dedicated to patient success.\" \/>\n<meta name=\"robots\" content=\"index, follow, max-snippet:-1, max-image-preview:large, max-video-preview:-1\" \/>\n<link rel=\"canonical\" href=\"https:\/\/southbrowardresearch.com\/es\/research-team\/johayma-gutierrez\/\" \/>\n<meta property=\"og:locale\" content=\"es_MX\" \/>\n<meta property=\"og:type\" content=\"article\" \/>\n<meta property=\"og:title\" content=\"Johayma Gutierrez, RN - South Broward Research\" \/>\n<meta property=\"og:description\" content=\"Learn more about Johayma Gutierrez: part of the South Broward Clinical Research Team and dedicated to patient success.\" \/>\n<meta property=\"og:url\" content=\"https:\/\/southbrowardresearch.com\/es\/research-team\/johayma-gutierrez\/\" \/>\n<meta property=\"og:site_name\" content=\"South Broward Research\" \/>\n<meta property=\"article:modified_time\" content=\"2024-06-12T19:20:48+00:00\" \/>\n<meta property=\"og:image\" content=\"https:\/\/southbrowardresearch.com\/wp-content\/uploads\/2024\/06\/Headshot-Johayma-1.webp\" \/>\n<meta name=\"twitter:card\" content=\"summary_large_image\" \/>\n<meta name=\"twitter:label1\" content=\"Tiempo de lectura\" \/>\n\t<meta name=\"twitter:data1\" content=\"1 minuto\" \/>\n<script type=\"application\/ld+json\" class=\"yoast-schema-graph\">{\"@context\":\"https:\\\/\\\/schema.org\",\"@graph\":[{\"@type\":\"WebPage\",\"@id\":\"https:\\\/\\\/southbrowardresearch.com\\\/research-team\\\/johayma-gutierrez\\\/\",\"url\":\"https:\\\/\\\/southbrowardresearch.com\\\/research-team\\\/johayma-gutierrez\\\/\",\"name\":\"Johayma Gutierrez, RN - South Broward Research\",\"isPartOf\":{\"@id\":\"https:\\\/\\\/southbrowardresearch.com\\\/#website\"},\"primaryImageOfPage\":{\"@id\":\"https:\\\/\\\/southbrowardresearch.com\\\/research-team\\\/johayma-gutierrez\\\/#primaryimage\"},\"image\":{\"@id\":\"https:\\\/\\\/southbrowardresearch.com\\\/research-team\\\/johayma-gutierrez\\\/#primaryimage\"},\"thumbnailUrl\":\"https:\\\/\\\/southbrowardresearch.com\\\/wp-content\\\/uploads\\\/2024\\\/06\\\/Headshot-Johayma-1.webp\",\"datePublished\":\"2023-12-13T20:06:45+00:00\",\"dateModified\":\"2024-06-12T19:20:48+00:00\",\"description\":\"Learn more about Johayma Gutierrez: part of the South Broward Clinical Research Team and dedicated to patient success.\",\"breadcrumb\":{\"@id\":\"https:\\\/\\\/southbrowardresearch.com\\\/research-team\\\/johayma-gutierrez\\\/#breadcrumb\"},\"inLanguage\":\"es\",\"potentialAction\":[{\"@type\":\"ReadAction\",\"target\":[\"https:\\\/\\\/southbrowardresearch.com\\\/research-team\\\/johayma-gutierrez\\\/\"]}]},{\"@type\":\"ImageObject\",\"inLanguage\":\"es\",\"@id\":\"https:\\\/\\\/southbrowardresearch.com\\\/research-team\\\/johayma-gutierrez\\\/#primaryimage\",\"url\":\"https:\\\/\\\/southbrowardresearch.com\\\/wp-content\\\/uploads\\\/2024\\\/06\\\/Headshot-Johayma-1.webp\",\"contentUrl\":\"https:\\\/\\\/southbrowardresearch.com\\\/wp-content\\\/uploads\\\/2024\\\/06\\\/Headshot-Johayma-1.webp\"},{\"@type\":\"BreadcrumbList\",\"@id\":\"https:\\\/\\\/southbrowardresearch.com\\\/research-team\\\/johayma-gutierrez\\\/#breadcrumb\",\"itemListElement\":[{\"@type\":\"ListItem\",\"position\":1,\"name\":\"Home\",\"item\":\"https:\\\/\\\/southbrowardresearch.com\\\/\"},{\"@type\":\"ListItem\",\"position\":2,\"name\":\"Research Team\",\"item\":\"https:\\\/\\\/southbrowardresearch.com\\\/research-team\\\/\"},{\"@type\":\"ListItem\",\"position\":3,\"name\":\"Johayma Gutierrez, RN\"}]},{\"@type\":\"WebSite\",\"@id\":\"https:\\\/\\\/southbrowardresearch.com\\\/#website\",\"url\":\"https:\\\/\\\/southbrowardresearch.com\\\/\",\"name\":\"South Broward Research\",\"description\":\"Clinical Research in Pembroke Pines, FL\",\"publisher\":{\"@id\":\"https:\\\/\\\/southbrowardresearch.com\\\/#organization\"},\"potentialAction\":[{\"@type\":\"SearchAction\",\"target\":{\"@type\":\"EntryPoint\",\"urlTemplate\":\"https:\\\/\\\/southbrowardresearch.com\\\/?s={search_term_string}\"},\"query-input\":{\"@type\":\"PropertyValueSpecification\",\"valueRequired\":true,\"valueName\":\"search_term_string\"}}],\"inLanguage\":\"es\"},{\"@type\":\"Organization\",\"@id\":\"https:\\\/\\\/southbrowardresearch.com\\\/#organization\",\"name\":\"South Broward Research\",\"url\":\"https:\\\/\\\/southbrowardresearch.com\\\/\",\"logo\":{\"@type\":\"ImageObject\",\"inLanguage\":\"es\",\"@id\":\"https:\\\/\\\/southbrowardresearch.com\\\/#\\\/schema\\\/logo\\\/image\\\/\",\"url\":\"https:\\\/\\\/southbrowardresearch.com\\\/wp-content\\\/uploads\\\/2020\\\/11\\\/south-broward-research-logo-copy-e1702591561773.webp\",\"contentUrl\":\"https:\\\/\\\/southbrowardresearch.com\\\/wp-content\\\/uploads\\\/2020\\\/11\\\/south-broward-research-logo-copy-e1702591561773.webp\",\"width\":400,\"height\":70,\"caption\":\"South Broward Research\"},\"image\":{\"@id\":\"https:\\\/\\\/southbrowardresearch.com\\\/#\\\/schema\\\/logo\\\/image\\\/\"}}]}<\/script>\n<!-- \/ Yoast SEO plugin. -->","yoast_head_json":{"title":"Johayma Gutierrez, RN - South Broward Research","description":"Learn more about Johayma Gutierrez: part of the South Broward Clinical Research Team and dedicated to patient success.","robots":{"index":"index","follow":"follow","max-snippet":"max-snippet:-1","max-image-preview":"max-image-preview:large","max-video-preview":"max-video-preview:-1"},"canonical":"https:\/\/southbrowardresearch.com\/es\/research-team\/johayma-gutierrez\/","og_locale":"es_MX","og_type":"article","og_title":"Johayma Gutierrez, RN - South Broward Research","og_description":"Learn more about Johayma Gutierrez: part of the South Broward Clinical Research Team and dedicated to patient success.","og_url":"https:\/\/southbrowardresearch.com\/es\/research-team\/johayma-gutierrez\/","og_site_name":"South Broward Research","article_modified_time":"2024-06-12T19:20:48+00:00","og_image":[{"url":"https:\/\/southbrowardresearch.com\/wp-content\/uploads\/2024\/06\/Headshot-Johayma-1.webp","type":"","width":"","height":""}],"twitter_card":"summary_large_image","twitter_misc":{"Tiempo de lectura":"1 minuto"},"schema":{"@context":"https:\/\/schema.org","@graph":[{"@type":"WebPage","@id":"https:\/\/southbrowardresearch.com\/research-team\/johayma-gutierrez\/","url":"https:\/\/southbrowardresearch.com\/research-team\/johayma-gutierrez\/","name":"Johayma Gutierrez, RN - South Broward Research","isPartOf":{"@id":"https:\/\/southbrowardresearch.com\/#website"},"primaryImageOfPage":{"@id":"https:\/\/southbrowardresearch.com\/research-team\/johayma-gutierrez\/#primaryimage"},"image":{"@id":"https:\/\/southbrowardresearch.com\/research-team\/johayma-gutierrez\/#primaryimage"},"thumbnailUrl":"https:\/\/southbrowardresearch.com\/wp-content\/uploads\/2024\/06\/Headshot-Johayma-1.webp","datePublished":"2023-12-13T20:06:45+00:00","dateModified":"2024-06-12T19:20:48+00:00","description":"Learn more about Johayma Gutierrez: part of the South Broward Clinical Research Team and dedicated to patient success.","breadcrumb":{"@id":"https:\/\/southbrowardresearch.com\/research-team\/johayma-gutierrez\/#breadcrumb"},"inLanguage":"es","potentialAction":[{"@type":"ReadAction","target":["https:\/\/southbrowardresearch.com\/research-team\/johayma-gutierrez\/"]}]},{"@type":"ImageObject","inLanguage":"es","@id":"https:\/\/southbrowardresearch.com\/research-team\/johayma-gutierrez\/#primaryimage","url":"https:\/\/southbrowardresearch.com\/wp-content\/uploads\/2024\/06\/Headshot-Johayma-1.webp","contentUrl":"https:\/\/southbrowardresearch.com\/wp-content\/uploads\/2024\/06\/Headshot-Johayma-1.webp"},{"@type":"BreadcrumbList","@id":"https:\/\/southbrowardresearch.com\/research-team\/johayma-gutierrez\/#breadcrumb","itemListElement":[{"@type":"ListItem","position":1,"name":"Home","item":"https:\/\/southbrowardresearch.com\/"},{"@type":"ListItem","position":2,"name":"Research Team","item":"https:\/\/southbrowardresearch.com\/research-team\/"},{"@type":"ListItem","position":3,"name":"Johayma Gutierrez, RN"}]},{"@type":"WebSite","@id":"https:\/\/southbrowardresearch.com\/#website","url":"https:\/\/southbrowardresearch.com\/","name":"South Broward Clinical Research","description":"Investigaci\u00f3n cl\u00ednica en Pembroke Pines, FL","publisher":{"@id":"https:\/\/southbrowardresearch.com\/#organization"},"potentialAction":[{"@type":"SearchAction","target":{"@type":"EntryPoint","urlTemplate":"https:\/\/southbrowardresearch.com\/?s={search_term_string}"},"query-input":{"@type":"PropertyValueSpecification","valueRequired":true,"valueName":"search_term_string"}}],"inLanguage":"es"},{"@type":"Organization","@id":"https:\/\/southbrowardresearch.com\/#organization","name":"South Broward Clinical Research","url":"https:\/\/southbrowardresearch.com\/","logo":{"@type":"ImageObject","inLanguage":"es","@id":"https:\/\/southbrowardresearch.com\/#\/schema\/logo\/image\/","url":"https:\/\/southbrowardresearch.com\/wp-content\/uploads\/2020\/11\/south-broward-research-logo-copy-e1702591561773.webp","contentUrl":"https:\/\/southbrowardresearch.com\/wp-content\/uploads\/2020\/11\/south-broward-research-logo-copy-e1702591561773.webp","width":400,"height":70,"caption":"South Broward Research"},"image":{"@id":"https:\/\/southbrowardresearch.com\/#\/schema\/logo\/image\/"}}]}},"_links":{"self":[{"href":"https:\/\/southbrowardresearch.com\/es\/wp-json\/wp\/v2\/pages\/499","targetHints":{"allow":["GET"]}}],"collection":[{"href":"https:\/\/southbrowardresearch.com\/es\/wp-json\/wp\/v2\/pages"}],"about":[{"href":"https:\/\/southbrowardresearch.com\/es\/wp-json\/wp\/v2\/types\/page"}],"author":[{"embeddable":true,"href":"https:\/\/southbrowardresearch.com\/es\/wp-json\/wp\/v2\/users\/2"}],"replies":[{"embeddable":true,"href":"https:\/\/southbrowardresearch.com\/es\/wp-json\/wp\/v2\/comments?post=499"}],"version-history":[{"count":0,"href":"https:\/\/southbrowardresearch.com\/es\/wp-json\/wp\/v2\/pages\/499\/revisions"}],"up":[{"embeddable":true,"href":"https:\/\/southbrowardresearch.com\/es\/wp-json\/wp\/v2\/pages\/17"}],"wp:attachment":[{"href":"https:\/\/southbrowardresearch.com\/es\/wp-json\/wp\/v2\/media?parent=499"}],"curies":[{"name":"gracias","href":"https:\/\/api.w.org\/{rel}","templated":true}]}}